{"id":808,"date":"2019-06-24T13:19:18","date_gmt":"2019-06-24T13:19:18","guid":{"rendered":"https:\/\/agendasette.com.br\/?page_id=808"},"modified":"2023-09-08T12:09:28","modified_gmt":"2023-09-08T15:09:28","slug":"premios","status":"publish","type":"page","link":"https:\/\/agendasette.com.br\/?page_id=808","title":{"rendered":"Pr\u00eamios"},"content":{"rendered":"<p>Desde 2015, o Curso de Jornalismo da Unifran participa de concursos e tem conseguido destaques. Confira as conquistas desse per\u00edodo:<\/p>\n<hr \/>\n<p><strong>2020<\/strong><\/p>\n<p><strong>Pr\u00eamio Jos\u00e9 Hamilton Ribeiro (Abag-RP) &#8211; Categoria Jovem Talento<\/strong><\/p>\n<p><strong>Trabalho:<\/strong> <a href=\"https:\/\/agendasette.com.br\/2020\/05\/31\/aliada-da-saude\/\">Aliada da Sa\u00fade<\/a><\/p>\n<p><strong>Modalidade:<\/strong> Escrita<\/p>\n<p><strong>Estudante:<\/strong> Helo\u00edsa Taveira<\/p>\n<p>&#8212;<\/p>\n<p><strong>Trabalho:<\/strong> <a href=\"https:\/\/agendasette.com.br\/2020\/11\/10\/ingredientes-regionais-2\/\">Ingredientes regionais<\/a><\/p>\n<p><strong>Modalidade:<\/strong> \u00c1udio\/V\u00eddeo<\/p>\n<p><strong>Estudante:<\/strong> Ana Laura Siqueira<\/p>\n<hr \/>\n<p><strong>2019<\/strong><\/p>\n<p><strong>Expocom Nacional e Expocom Sudeste<\/strong><\/p>\n<p><strong>Trabalho:<\/strong> [In]Vis\u00edveis (<a href=\"https:\/\/agendasette.com.br\/2019\/07\/03\/invisiveis\/\">\u00c1udio<\/a>), (<a href=\"https:\/\/agendasette.com.br\/2019\/12\/31\/revista-invisiveis\/\">Revista<\/a>)<\/p>\n<p><strong>Modalidade:<\/strong> Projeto de Comunica\u00e7\u00e3o Integrada<\/p>\n<p><strong>Estudantes:<\/strong> K\u00e9tila Maria da Silva, Ana Fl\u00e1via Teixeira, Andressa Barros, J\u00falia Paiva, Maria J\u00falia Blanco e Milena Fischer<\/p>\n<p>&#8212;<\/p>\n<p><strong>Expocom Sudeste<\/strong><\/p>\n<p><strong>Trabalho: <\/strong><a href=\"https:\/\/agendasette.com.br\/2019\/12\/16\/sobre-nos\/\">Sobre N\u00f3s<\/a>\u00a0(<a href=\"https:\/\/www.facebook.com\/sobrenosadocao\">Facebook<\/a>), (<a href=\"http:\/\/instagram.com\/sobrenosadocao\">Instagram<\/a>)<\/p>\n<p><strong>Modalidade: <\/strong>Produ\u00e7\u00e3o Multim\u00eddia<\/p>\n<p><strong>Estudantes:<\/strong> Isabella Santos Souza, J\u00e9ssica Gon\u00e7alves, Lais Campos Joazeiro e Marcella Dal Sasso<\/p>\n<hr \/>\n<p><strong>2018<\/strong><\/p>\n<p><strong>Expocom Sudeste<\/strong><\/p>\n<p><strong>Trabalho: <\/strong>Querubim Comunica\u00e7\u00e3o (<a href=\"https:\/\/www.facebook.com\/Pequenosreporteres\">Facebook &#8211; Pequenos rep\u00f3rteres<\/a>), (<a href=\"https:\/\/operacaolove.wixsite.com\/operacaolove\/ler\">Site &#8211; Opera\u00e7\u00e3o L.O.V.E<\/a>)<\/p>\n<p><strong>Modalidade: <\/strong>Projeto de Assessoria de Imprensa<\/p>\n<p><strong>Estudantes: <\/strong>Sabrina Oliveira, Bruna Alves, Giovane Pedigone, Jo\u00e3o Marcos Duarte e Mayara Chenci<\/p>\n<p>&#8212;<\/p>\n<p><strong>Pr\u00eamio Carlos de Assump\u00e7\u00e3o \u2013 Di\u00e1rio Verdade e Festival de Dan\u00e7a de Franca<\/strong><\/p>\n<p><strong>Trabalho: <\/strong><a href=\"https:\/\/agendasette.com.br\/2018\/10\/30\/jornalismo-premiado\/\">Di\u00e1logos de Dan\u00e7a Contempor\u00e2nea envolve noite de emo\u00e7\u00f5es<\/a><\/p>\n<p><strong>Estudante:<\/strong>\u00a0Gabriela Sturaro Junqueira<\/p>\n<hr \/>\n<p><strong>2017<\/strong><\/p>\n<p><strong>Expocom Sudeste<\/strong><\/p>\n<p><strong>Trabalho:<\/strong> DNA do Preconceito (<a href=\"https:\/\/www.facebook.com\/avozdasdiferencas\">Facebook &#8211; Voz das diferen\u00e7as<\/a>)<\/p>\n<p><strong>Modalidade:<\/strong> Produ\u00e7\u00e3o Multim\u00eddia<\/p>\n<p><strong>Estudantes:<\/strong> Marcella Montanari, Elenilde Corr\u00eaa, Jheinata Oliveira, Samuel Laporte e Val\u00e9ria Barros<\/p>\n<p>&#8212;<\/p>\n<p><strong>Trabalho:<\/strong> Magna Assessoria (<a href=\"https:\/\/www.facebook.com\/avozdasdiferencas\">Facebook &#8211; Voz das diferen\u00e7as<\/a>)<\/p>\n<p><strong>Modalidade:<\/strong> Projeto de Assessoria de Imprensa<\/p>\n<p><strong>Estudantes:<\/strong> Marcella Montanari, Elenilde Corr\u00eaa, Jheinata Oliveira, Samuel Laporte e Val\u00e9ria Barros<\/p>\n<hr \/>\n<p><strong>2016<\/strong><\/p>\n<p><strong>Expocom Sudeste<\/strong><\/p>\n<p><strong>Trabalho:<\/strong> <a href=\"https:\/\/agendasette.com.br\/2016\/10\/10\/desenlatando-o-regional\/\">Desenlatando o regional<\/a><\/p>\n<p><strong>Modalidade:<\/strong> Ensaio fotogr\u00e1fico art\u00edstico<\/p>\n<p><strong>Estudantes:<\/strong> Bia Indiano e Fernando Lima<\/p>\n<hr \/>\n<p><strong>Finalistas:<\/strong><\/p>\n<p><strong>2022<\/strong><\/p>\n<p><strong>Expocom Sudeste<\/strong><\/p>\n<p><strong>Trabalho:<\/strong> <a href=\"_wp_link_placeholder\" data-wplink-edit=\"true\">Sequelas da Covid<\/a><\/p>\n<p><strong>Modalidade:<\/strong> Reportagem em \u00e1udio<\/p>\n<p><strong>Estudante:<\/strong> Lucas Faleiros<\/p>\n<hr \/>\n<p><strong>2021<\/strong><\/p>\n<p><strong>Expocom Sudeste<\/strong><\/p>\n<p><strong>Trabalho:<\/strong> Olimpianos<\/p>\n<p><strong>Modalidade:<\/strong> Livro-reportagem<\/p>\n<p><strong>Estudantes:<\/strong> Ana Fl\u00e1via Teixeira, Andressa Barros, Maria J\u00falia Blanco, Milena Fischer, J\u00falia Paiva, K\u00e9tila Maria<\/p>\n<p>&#8212;<\/p>\n<p><strong>Trabalho:<\/strong> <a href=\"https:\/\/agendasette.com.br\/2021\/02\/28\/maes-de-uti\/\" target=\"_blank\" rel=\"noopener\">M\u00e3es de UTI<\/a><\/p>\n<p><strong>Modalidade:<\/strong> Livro-reportagem<\/p>\n<p><strong>Estudantes:<\/strong> Andressa Barros, Carolina Arantes, Eudis Silva, Jos\u00e9 Eduardo de Oliveira, Rafael Mascagni, S\u00e9rgio Nascimento e Tatiane Oliveira<\/p>\n<hr \/>\n<p><strong>2020<\/strong><\/p>\n<p><strong>Pr\u00eamio Jos\u00e9 Hamilton Ribeiro (Abag-RP) &#8211; Categoria Jovem Talento<\/strong><\/p>\n<p><strong>Trabalho:<\/strong> <a href=\"https:\/\/agendasette.com.br\/2020\/07\/23\/queijo-em-maturacao\/\">Queijo em matura\u00e7\u00e3o<\/a><\/p>\n<p><strong>Modalidade:<\/strong> Escrita<\/p>\n<p><strong>Estudante:<\/strong> Helo\u00edsa Taveira<\/p>\n<p>&#8212;<\/p>\n<p><strong>Trabalho:<\/strong> <a href=\"https:\/\/agendasette.com.br\/2020\/10\/15\/novos-perfumes\/\">Novos perfumes<\/a><\/p>\n<p><strong>Modalidade:<\/strong> Escrita<\/p>\n<p><strong>Estudante:<\/strong> Ana Laura Siqueira<\/p>\n<p>&#8212;<\/p>\n<p><strong>Fest Aruanda &#8211; Festival de Cinema da Para\u00edba<\/strong><\/p>\n<p><strong>Trabalho:<\/strong>\u00a0<a href=\"https:\/\/agendasette.com.br\/2020\/03\/28\/qual-e-a-dose\/\">Qual \u00e9 a dose?<\/a> (v\u00eddeo-document\u00e1rio)<\/p>\n<p><strong>Estudantes: <\/strong>Karollyna Basques, Su\u00e9llen Laureano, Thalia Lima e Vilmar Ramos<\/p>\n<p>&#8212;<\/p>\n<p><strong>Expocom Sudeste<\/strong><\/p>\n<p><strong>Trabalho:<\/strong> Agenda Sette<\/p>\n<p><strong>Modalidade:<\/strong> Website<\/p>\n<p><strong>Estudante: <\/strong>Eudis Ant\u00f4nio da Silva Filho (aluno-l\u00edder)<\/p>\n<p>&#8212;<\/p>\n<p><strong>Trabalho:<\/strong> <a href=\"https:\/\/agendasette.com.br\/2020\/03\/28\/qual-e-a-dose\/\">Qual \u00e9 a dose?<\/a><\/p>\n<p><strong>Modalidade:<\/strong>\u00a0Document\u00e1rio jornal\u00edstico e grande reportagem em v\u00eddeo<\/p>\n<p><strong>Estudante: <\/strong>Karollyna Basques, Su\u00e9llen Laureano, Thalia Lima e Vilmar Ramos<\/p>\n<p>&#8212;<\/p>\n<p><strong>Trabalho:<\/strong> Singular Comunica\u00e7\u00e3o (<a href=\"https:\/\/www.facebook.com\/contatosingularcomunicacao\">Facebook<\/a>), (<a href=\"https:\/\/www.instagram.com\/comunicacaosingular\">Instagram<\/a>)<\/p>\n<p><strong>Modalidade: <\/strong>Projeto de Comunica\u00e7\u00e3o Integrada<\/p>\n<p><strong>Estudante: <\/strong>Karollyna Basques, Su\u00e9llen Laureano, Thalia Lima e Vilmar Ramos<\/p>\n<p>&#8212;<\/p>\n<p><strong>Trabalho:<\/strong> <a href=\"https:\/\/agendasette.com.br\/2019\/06\/22\/aucare-aplicativo-para-autistas\/\">Tratar e Entreter: estudantes do Ensino M\u00e9dio criam aplicativo para ajudar crian\u00e7as autistas<\/a><\/p>\n<p><strong>Modalidade: <\/strong>Reportagem de TV<\/p>\n<p><strong>Estudante: <\/strong>Ana Laura Siqueira, Helo\u00edsa Taveira, Juliana Silva e Moara Ribeiro<\/p>\n<p>&#8212;<\/p>\n<p><strong>Trabalho:<\/strong>\u00a0Umu, o jogo da mente (<a href=\"https:\/\/agendasette.com.br\/2020\/09\/01\/camelias\/\">V\u00eddeo-document\u00e1rio e jogo<\/a>), (<a href=\"https:\/\/www.facebook.com\/assessorialumuscomunicacao\">Facebook &#8211; Lumus<\/a>), (<a href=\"https:\/\/www.instagram.com\/comunicacaolumus\/\">Instagram &#8211; Lumus<\/a>)<\/p>\n<p><strong>Modalidade: <\/strong>Comunica\u00e7\u00e3o e Inova\u00e7\u00e3o<\/p>\n<p><strong>Estudante: <\/strong>Fernanda Melo, Gustavo Rodrigues, Geovana Andrade, Wemersom Silva<\/p>\n<p>&#8212;<\/p>\n<p><strong>Trabalho:<\/strong>\u00a0<a href=\"https:\/\/agendasette.com.br\/2020\/08\/22\/especial-assedio-sexual\/\">Mulher de 15 &#8211; Especial Ass\u00e9dio Sexual<\/a><\/p>\n<p><strong>Modalidade: <\/strong>Produ\u00e7\u00e3o laboratorial em audiojornalismo<\/p>\n<p><strong>Estudante:\u00a0<\/strong>Ana Carolina Rodrigues, Gabriela Sturaro, Hermes Pereira Neto, Rafael Mascagni, Sara \u00c1vila, Talita Souza e Tatiane Oliveira.<\/p>\n<hr \/>\n<p><strong>2019 <\/strong><\/p>\n<p><strong>Fest Aruanda &#8211; Festival de Cinema da Para\u00edba<\/strong><\/p>\n<p><strong>Trabalho:<\/strong> <a href=\"https:\/\/agendasette.com.br\/2019\/10\/30\/sobre-nos-na-paraiba\/\">Sobre N\u00f3s<\/a> (v\u00eddeo-document\u00e1rio)<\/p>\n<p><strong>Estudantes:\u00a0<\/strong>Isabella Santos Souza, J\u00e9ssica Gon\u00e7alves, Lais Campos Joazeiro e Marcella Dal Sasso<\/p>\n<p>&#8212;<\/p>\n<p><strong>Expocom Sudeste<\/strong><\/p>\n<p><strong>Trabalho:<\/strong> <a href=\"https:\/\/agendasette.com.br\/2019\/07\/29\/o-quarto-de-carolina\/\">O quarto de Carolina<\/a>\u00a0(<a href=\"https:\/\/www.facebook.com\/assessoriaonix\/\">Facebook &#8211; \u00d4nix<\/a>), (<a href=\"https:\/\/oquartodecarolina.com.br\/\">Blog<\/a>)<\/p>\n<p><strong>Modalidade:<\/strong> Document\u00e1rio ou Grande Reportagem em Telejornalismo ou Videojornalismo<\/p>\n<p><strong>Estudantes: <\/strong>Ana Carolina Castro, Gabriela Buranelli e P\u00e1bolo Oliveira<\/p>\n<p>&#8212;<\/p>\n<p><strong>Trabalho:<\/strong> <a href=\"https:\/\/agendasette.com.br\/2019\/12\/03\/segredos-do-confessionario\/\">Segredos do confession\u00e1rio<\/a><\/p>\n<p><strong>Modalidade:<\/strong> Document\u00e1rio ou Grande Reportagem em Radiojornalismo ou Audiojornalismo<\/p>\n<p><strong>Estudantes:<\/strong> Ana Laura Siqueira, Helo\u00edsa Taveira, Juliana Silva e Moara Ribeiro<\/p>\n<p>&#8212;<\/p>\n<p><strong>Trabalho:<\/strong> <a href=\"https:\/\/agendasette.com.br\/2019\/12\/10\/emim-em-tons\/\">Emim em Tons<\/a><\/p>\n<p><strong>Modalidade:<\/strong> Edi\u00e7\u00e3o de livro<\/p>\n<p><strong>Estudantes:<\/strong> Julia Nery e Lorena Resende<\/p>\n<p>&#8212;<\/p>\n<p><strong>Trabalho:<\/strong> <a href=\"https:\/\/agendasette.com.br\/2020\/01\/31\/mulher-de-15\/\">Mulher de 15<\/a><\/p>\n<p><strong>Modalidade:<\/strong> Programa laboratorial em Radiojornalismo ou Audiojornalismo<\/p>\n<p><strong>Estudantes:\u00a0<\/strong>Ana Carolina Rodrigues,\u00a0Gabriela Sturaro,\u00a0Hermes Pereira Neto,\u00a0H\u00e9vertom Talles, Rafael Mascagni, Sara \u00c1vila, Talita Souza e\u00a0Tatiane Oliveira<\/p>\n<hr \/>\n<p><strong>2018<\/strong><\/p>\n<p><strong>Expocom Sudeste<\/strong><\/p>\n<p><strong>Trabalho: <\/strong><a href=\"https:\/\/agendasette.com.br\/2019\/07\/19\/a-flor-da-idade\/\">A Flor da Idade<\/a><\/p>\n<p><strong>Modalidade:<\/strong> Edi\u00e7\u00e3o de livro<\/p>\n<p><strong>Estudantes:\u00a0<\/strong>Ana Laura Siqueira, Helo\u00edsa Taveira, Juliana Silva e Moara Ribeiro<\/p>\n<p>&#8212;<\/p>\n<p><strong>Trabalho:<\/strong> Pequenos rep\u00f3rteres: pintando o &#8220;site&#8221;\u00a0(<a href=\"https:\/\/www.facebook.com\/Pequenosreporteres\">Facebook &#8211; Pequenos rep\u00f3rteres<\/a>), (<a href=\"https:\/\/operacaolove.wixsite.com\/operacaolove\/ler\">Site &#8211; Opera\u00e7\u00e3o L.O.V.E<\/a>)<\/p>\n<p><strong>Modalidade:<\/strong> Website<\/p>\n<p><strong>Estudantes:<\/strong>\u00a0Sabrina Oliveira, Bruna Alves, Giovane Pedigone, Jo\u00e3o Marcos Duarte e Mayara Chenci<\/p>\n<hr \/>\n<p><strong>2017<\/strong><\/p>\n<p><strong>Expocom Sudeste<\/strong><\/p>\n<p><strong>Trabalho:<\/strong> Eu existo, eu resisto<\/p>\n<p><strong>Modalidade:<\/strong> Fotografia art\u00edstica<\/p>\n<p><strong>Estudantes:\u00a0<\/strong>Marcella Montanari, Elenilde Corr\u00eaa, Jheinata Oliveira, Samuel Laporte e Val\u00e9ria Barros<\/p>\n<p>&#8212;<\/p>\n<p><strong>Trabalho:<\/strong>\u00a0<a href=\"https:\/\/agendasette.com.br\/2017\/08\/30\/o-eu-abutre\/\">O eu abutre<\/a><\/p>\n<p><strong>Modalidade:<\/strong> Ensaio fotogr\u00e1fico art\u00edstico<\/p>\n<p><strong>Estudantes:\u00a0<\/strong>Giovane Pedigone, Jo\u00e3o Marcos Duarte e Mayara Chenci<\/p>\n<hr \/>\n<p><strong>2016<\/strong><\/p>\n<p><strong>Expocom Sudeste<\/strong><\/p>\n<p><strong>Trabalho:<\/strong>\u00a0AlternativaMente (O blog existiu at\u00e9 o final de 2016)<\/p>\n<p><strong>Modalidade:<\/strong>\u00a0Blog<\/p>\n<p><strong>Estudantes:<\/strong>\u00a0Renata Juliotti, Julia Evellin,\u00a0 Lorena Resende, Patr\u00edcia Garcia e Tha\u00eds Busqueiro<\/p>\n<p>&#8212;<\/p>\n<p><strong>Trabalho:<\/strong>\u00a0Imprensa regional e a cobertura do esporte amador na Alta Mogiana<\/p>\n<p><strong>Modalidade:<\/strong> Projeto multim\u00eddia<\/p>\n<p><strong>Estudantes:<\/strong> Jean Lucas de Oliveira e Daniel Senna<\/p>\n<p>&#8212;<\/p>\n<p><strong>Trabalho:<\/strong> <a href=\"https:\/\/agendasette.com.br\/2016\/10\/20\/realidade-aumentada\/\">Drogas: realidade aumentada<\/a><\/p>\n<p><strong>Modalidade:<\/strong>\u00a0Ensaio fotogr\u00e1fico jornal\u00edstico<\/p>\n<p><strong>Estudantes:<\/strong> Danielle Andrade e Isadora Costa<\/p>\n<p>&#8212;<\/p>\n<p><strong>Trabalho:<\/strong> <a href=\"https:\/\/issuu.com\/jornalfolhaaberta\/docs\/morte_no_jornalismo_local_gabriela_tumbiolo_santos\">Morte no jornalismo local<\/a><\/p>\n<p><strong>Modalidade:<\/strong> Reportagem em Jornalismo Impresso<\/p>\n<p><strong>Estudantes:<\/strong> Gabriela Tumbiolo e Samanta Martins<\/p>\n<hr \/>\n<p><strong>2015<\/strong><\/p>\n<p><strong>Expocom Sudeste<\/strong><\/p>\n<p><strong>Trabalho:<\/strong> Corpolatria: trevas ou luz<\/p>\n<p><strong>Modalidade:<\/strong> Projeto de Comunica\u00e7\u00e3o Integrada<\/p>\n<p><strong>Estudantes:<\/strong> Dariton Souza e Ralph Diniz<\/p>\n<p>&#8212;<\/p>\n<p><strong>Pr\u00eamio Abag\/RP de Jornalismo<\/strong><\/p>\n<p><strong>Trabalho:<\/strong> <a href=\"https:\/\/agendasette.com.br\/2015\/10\/27\/transfusao-sanguinea\/\">&#8220;Transfus\u00e3o sangu\u00ednea&#8221;: a cura para a crise da citricultura<\/a><\/p>\n<p><strong>Estudantes:<\/strong> Giovane Pedigone e Jo\u00e3o Marcos Duarte<\/p>\n<p>&#8212;<\/p>\n<p><strong>Trabalho:<\/strong> <a href=\"https:\/\/agendasette.com.br\/2016\/02\/10\/segredos-do-gourmet\/\">Os segredos do caf\u00e9 gourmet: do campo ao paladar!<\/a><\/p>\n<p><strong>Estudante:<\/strong> Renata Juliotti<\/p>\n","protected":false},"excerpt":{"rendered":"<p>Desde 2015, o Curso de Jornalismo da Unifran participa de concursos e tem conseguido destaques. Confira as conquistas desse per\u00edodo:<\/p>\n","protected":false},"author":1,"featured_media":0,"parent":0,"menu_order":0,"comment_status":"closed","ping_status":"closed","template":"","meta":{"footnotes":""},"class_list":["post-808","page","type-page","status-publish","hentry"],"_links":{"self":[{"href":"https:\/\/agendasette.com.br\/index.php?rest_route=\/wp\/v2\/pages\/808","targetHints":{"allow":["GET"]}}],"collection":[{"href":"https:\/\/agendasette.com.br\/index.php?rest_route=\/wp\/v2\/pages"}],"about":[{"href":"https:\/\/agendasette.com.br\/index.php?rest_route=\/wp\/v2\/types\/page"}],"author":[{"embeddable":true,"href":"https:\/\/agendasette.com.br\/index.php?rest_route=\/wp\/v2\/users\/1"}],"replies":[{"embeddable":true,"href":"https:\/\/agendasette.com.br\/index.php?rest_route=%2Fwp%2Fv2%2Fcomments&post=808"}],"version-history":[{"count":54,"href":"https:\/\/agendasette.com.br\/index.php?rest_route=\/wp\/v2\/pages\/808\/revisions"}],"predecessor-version":[{"id":2911,"href":"https:\/\/agendasette.com.br\/index.php?rest_route=\/wp\/v2\/pages\/808\/revisions\/2911"}],"wp:attachment":[{"href":"https:\/\/agendasette.com.br\/index.php?rest_route=%2Fwp%2Fv2%2Fmedia&parent=808"}],"curies":[{"name":"wp","href":"https:\/\/api.w.org\/{rel}","templated":true}]}}